{"id":229956,"date":"2023-06-15T09:54:00","date_gmt":"2023-06-15T07:54:00","guid":{"rendered":"https:\/\/presenttrade.cz\/?page_id=229956"},"modified":"2023-06-15T09:54:00","modified_gmt":"2023-06-15T07:54:00","slug":"podekovani","status":"publish","type":"page","link":"https:\/\/presenttrade.cz\/index.php\/podekovani\/","title":{"rendered":"Pod\u011bkov\u00e1n\u00ed"},"content":{"rendered":"<p>[et_pb_section fb_built=&#8220;1&#8243; custom_padding_last_edited=&#8220;off|desktop&#8220; _builder_version=&#8220;4.20.4&#8243; _module_preset=&#8220;default&#8220; use_background_color_gradient=&#8220;on&#8220; background_color_gradient_stops=&#8220;rgba(0,0,0,0.38) 0%|rgba(0,0,0,0.54) 100%&#8220; background_color_gradient_overlays_image=&#8220;on&#8220; background_color_gradient_start=&#8220;rgba(0,0,0,0.09)&#8220; background_color_gradient_end=&#8220;rgba(0,0,0,0.09)&#8220; background_image=&#8220;http:\/\/presenttrade.cz\/wp-content\/uploads\/2023\/06\/bg-partneri.jpg&#8220; custom_padding=&#8220;9vh||9vh||true|false&#8220; custom_padding_tablet=&#8220;15vh||15vh||true|false&#8220; custom_padding_phone=&#8220;12vh||12vh||true|false&#8220; global_colors_info=&#8220;{}&#8220; theme_builder_area=&#8220;post_content&#8220;][et_pb_row use_custom_gutter=&#8220;on&#8220; gutter_width=&#8220;2&#8243; make_equal=&#8220;on&#8220; _builder_version=&#8220;4.16&#8243; _module_preset=&#8220;default&#8220; width=&#8220;90%&#8220; width_tablet=&#8220;90%&#8220; width_phone=&#8220;90%&#8220; width_last_edited=&#8220;on|tablet&#8220; max_width=&#8220;1170px&#8220; max_width_tablet=&#8220;90%&#8220; max_width_phone=&#8220;90%&#8220; max_width_last_edited=&#8220;on|desktop&#8220; custom_padding=&#8220;0px||0px||false|false&#8220; animation_style=&#8220;slide&#8220; animation_direction=&#8220;top&#8220; global_colors_info=&#8220;{}&#8220; theme_builder_area=&#8220;post_content&#8220;][et_pb_column type=&#8220;4_4&#8243; _builder_version=&#8220;4.16&#8243; _module_preset=&#8220;default&#8220; global_colors_info=&#8220;{}&#8220; theme_builder_area=&#8220;post_content&#8220;][et_pb_text _builder_version=&#8220;4.20.4&#8243; _module_preset=&#8220;default&#8220; text_font=&#8220;Roboto Condensed|700|||||||&#8220; text_text_color=&#8220;#FFFFFF&#8220; text_font_size=&#8220;15px&#8220; text_line_height=&#8220;1em&#8220; global_colors_info=&#8220;{}&#8220; theme_builder_area=&#8220;post_content&#8220;]<\/p>\n<p>Present Trade, s.r.o.<\/p>\n<p>[\/et_pb_text][et_pb_text _builder_version=&#8220;4.20.4&#8243; _module_preset=&#8220;default&#8220; header_font=&#8220;Barlow|800|||||||&#8220; header_text_align=&#8220;left&#8220; header_text_color=&#8220;#FFFFFF&#8220; header_font_size=&#8220;75px&#8220; header_line_height=&#8220;1.1em&#8220; custom_margin=&#8220;-10px||||false|false&#8220; custom_margin_tablet=&#8220;-20px||||false|false&#8220; custom_margin_phone=&#8220;-20px||||false|false&#8220; custom_margin_last_edited=&#8220;on|phone&#8220; hover_enabled=&#8220;0&#8243; header_font_size_tablet=&#8220;50px&#8220; header_font_size_phone=&#8220;35px&#8220; header_font_size_last_edited=&#8220;on|phone&#8220; global_colors_info=&#8220;{}&#8220; theme_builder_area=&#8220;post_content&#8220; sticky_enabled=&#8220;0&#8243;]<\/p>\n<h1>D\u011bkujeme &#8230;<\/h1>\n<p>[\/et_pb_text][\/et_pb_column][\/et_pb_row][\/et_pb_section][et_pb_section fb_built=&#8220;1&#8243; _builder_version=&#8220;4.16&#8243; _module_preset=&#8220;default&#8220; use_background_color_gradient=&#8220;on&#8220; background_color_gradient_stops=&#8220;rgba(71,161,69,0.88) 0%|rgba(71,161,69,0.88) 100%&#8220; background_color_gradient_overlays_image=&#8220;on&#8220; background_color_gradient_start=&#8220;rgba(71,161,69,0.88)&#8220; background_color_gradient_end=&#8220;rgba(71,161,69,0.88)&#8220; background_image=&#8220;http:\/\/presenttrade.cz\/wp-content\/uploads\/2023\/05\/technology-46-5.jpg&#8220; custom_padding=&#8220;1px||52px||false|false&#8220; global_colors_info=&#8220;{}&#8220; theme_builder_area=&#8220;post_content&#8220;][et_pb_row use_custom_gutter=&#8220;on&#8220; gutter_width=&#8220;2&#8243; make_equal=&#8220;on&#8220; _builder_version=&#8220;4.16&#8243; _module_preset=&#8220;default&#8220; width=&#8220;90%&#8220; width_tablet=&#8220;90%&#8220; width_phone=&#8220;90%&#8220; width_last_edited=&#8220;on|tablet&#8220; max_width=&#8220;1170px&#8220; max_width_tablet=&#8220;90%&#8220; max_width_phone=&#8220;90%&#8220; max_width_last_edited=&#8220;on|desktop&#8220; custom_padding=&#8220;50px||15px||false|false&#8220; global_colors_info=&#8220;{}&#8220; theme_builder_area=&#8220;post_content&#8220;][et_pb_column type=&#8220;4_4&#8243; _builder_version=&#8220;4.16&#8243; _module_preset=&#8220;default&#8220; global_colors_info=&#8220;{}&#8220; theme_builder_area=&#8220;post_content&#8220;][et_pb_text _builder_version=&#8220;4.20.4&#8243; _module_preset=&#8220;default&#8220; text_font=&#8220;Roboto Condensed|700|||||||&#8220; text_text_color=&#8220;#FFFFFF&#8220; text_font_size=&#8220;15px&#8220; text_line_height=&#8220;1em&#8220; text_orientation=&#8220;center&#8220; max_width=&#8220;350px&#8220; module_alignment=&#8220;center&#8220; custom_padding=&#8220;15px|10px|15px|10px|true|true&#8220; link_option_url=&#8220;\/&#8220; hover_enabled=&#8220;0&#8243; text_line_height_tablet=&#8220;&#8220; text_line_height_phone=&#8220;1.8em&#8220; text_line_height_last_edited=&#8220;on|phone&#8220; border_width_all=&#8220;2px&#8220; border_color_all=&#8220;#F8F8F8&#8243; global_colors_info=&#8220;{}&#8220; theme_builder_area=&#8220;post_content&#8220; sticky_enabled=&#8220;0&#8243;]<\/p>\n<p>Hlavn\u00ed strana \u2192<\/p>\n<p>[\/et_pb_text][\/et_pb_column][\/et_pb_row][\/et_pb_section][et_pb_section fb_built=&#8220;1&#8243; _builder_version=&#8220;4.16&#8243; _module_preset=&#8220;default&#8220; custom_padding=&#8220;100px||0px|||&#8220; global_colors_info=&#8220;{}&#8220; theme_builder_area=&#8220;post_content&#8220;][et_pb_row use_custom_gutter=&#8220;on&#8220; gutter_width=&#8220;2&#8243; make_equal=&#8220;on&#8220; _builder_version=&#8220;4.20.4&#8243; _module_preset=&#8220;default&#8220; width=&#8220;90%&#8220; width_tablet=&#8220;90%&#8220; width_phone=&#8220;90%&#8220; width_last_edited=&#8220;on|tablet&#8220; max_width=&#8220;1170px&#8220; max_width_tablet=&#8220;90%&#8220; max_width_phone=&#8220;90%&#8220; max_width_last_edited=&#8220;on|desktop&#8220; custom_padding=&#8220;0px||8vh||false|false&#8220; global_colors_info=&#8220;{}&#8220; theme_builder_area=&#8220;post_content&#8220;][et_pb_column type=&#8220;4_4&#8243; _builder_version=&#8220;4.16&#8243; _module_preset=&#8220;default&#8220; global_colors_info=&#8220;{}&#8220; theme_builder_area=&#8220;post_content&#8220;][et_pb_text _builder_version=&#8220;4.20.4&#8243; _module_preset=&#8220;default&#8220; header_3_font=&#8220;Barlow|700|||||||&#8220; header_3_text_align=&#8220;center&#8220; header_3_text_color=&#8220;#0e2b3d&#8220; header_3_font_size=&#8220;38px&#8220; header_3_line_height=&#8220;1.3em&#8220; max_width=&#8220;612px&#8220; module_alignment=&#8220;center&#8220; custom_margin=&#8220;-5px||||false|false&#8220; custom_margin_tablet=&#8220;-15px||||false|false&#8220; custom_margin_phone=&#8220;-15px||||false|false&#8220; custom_margin_last_edited=&#8220;on|phone&#8220; hover_enabled=&#8220;0&#8243; header_3_font_size_tablet=&#8220;&#8220; header_3_font_size_phone=&#8220;30px&#8220; header_3_font_size_last_edited=&#8220;on|phone&#8220; global_colors_info=&#8220;{}&#8220; theme_builder_area=&#8220;post_content&#8220; sticky_enabled=&#8220;0&#8243;]<\/p>\n<h3>Budeme V\u00e1s kontaktovat obratem<\/h3>\n<p>[\/et_pb_text][et_pb_text _builder_version=&#8220;4.20.4&#8243; _module_preset=&#8220;default&#8220; text_font=&#8220;Roboto Condensed||||||||&#8220; text_text_color=&#8220;#484848&#8243; text_font_size=&#8220;1.5em&#8220; text_line_height=&#8220;1.8em&#8220; text_orientation=&#8220;center&#8220; custom_margin=&#8220;18px||||false|false&#8220; custom_margin_tablet=&#8220;-8px||||false|false&#8220; custom_margin_phone=&#8220;-8px||||false|false&#8220; custom_margin_last_edited=&#8220;on|phone&#8220; hover_enabled=&#8220;0&#8243; global_colors_info=&#8220;{}&#8220; theme_builder_area=&#8220;post_content&#8220; sticky_enabled=&#8220;0&#8243;]<\/p>\n<p>D\u011bkujeme, \u017ee jste vyu\u017eili na\u0161eho kontaktn\u00edho formul\u00e1\u0159e, ozveme se ihned, jak to bude mo\u017en\u00e9.<\/p>\n<p>[\/et_pb_text][\/et_pb_column][\/et_pb_row][\/et_pb_section][et_pb_section fb_built=&#8220;1&#8243; _builder_version=&#8220;4.16&#8243; _module_preset=&#8220;default&#8220; custom_padding=&#8220;70px||70px||true|false&#8220; border_width_top=&#8220;1px&#8220; border_color_top=&#8220;#e7ebef&#8220; global_colors_info=&#8220;{}&#8220; theme_builder_area=&#8220;post_content&#8220;][et_pb_row _builder_version=&#8220;4.20.4&#8243; _module_preset=&#8220;default&#8220; global_colors_info=&#8220;{}&#8220; theme_builder_area=&#8220;post_content&#8220;][et_pb_column type=&#8220;4_4&#8243; _builder_version=&#8220;4.20.4&#8243; _module_preset=&#8220;default&#8220; global_colors_info=&#8220;{}&#8220; theme_builder_area=&#8220;post_content&#8220;][et_pb_text _builder_version=&#8220;4.20.4&#8243; _module_preset=&#8220;default&#8220; header_3_font=&#8220;Barlow|700|||||||&#8220; header_3_text_align=&#8220;center&#8220; header_3_text_color=&#8220;#012E43&#8243; header_3_font_size=&#8220;38px&#8220; header_3_line_height=&#8220;1.3em&#8220; module_alignment=&#8220;left&#8220; custom_margin=&#8220;||||false|false&#8220; header_3_font_size_tablet=&#8220;&#8220; header_3_font_size_phone=&#8220;30px&#8220; header_3_font_size_last_edited=&#8220;on|phone&#8220; global_colors_info=&#8220;{}&#8220; theme_builder_area=&#8220;post_content&#8220;]<\/p>\n<h3>Hlavn\u00ed partne\u0159i<\/h3>\n<p>[\/et_pb_text][\/et_pb_column][\/et_pb_row][et_pb_row column_structure=&#8220;1_5,1_5,1_5,1_5,1_5&#8243; use_custom_gutter=&#8220;on&#8220; gutter_width=&#8220;2&#8243; make_equal=&#8220;on&#8220; _builder_version=&#8220;4.20.4&#8243; _module_preset=&#8220;default&#8220; width=&#8220;90%&#8220; width_tablet=&#8220;90%&#8220; width_phone=&#8220;90%&#8220; width_last_edited=&#8220;on|tablet&#8220; max_width=&#8220;1270px&#8220; max_width_tablet=&#8220;90%&#8220; max_width_phone=&#8220;90%&#8220; max_width_last_edited=&#8220;on|desktop&#8220; custom_padding=&#8220;0px||0px||true|false&#8220; global_colors_info=&#8220;{}&#8220; theme_builder_area=&#8220;post_content&#8220;][et_pb_column type=&#8220;1_5&#8243; _builder_version=&#8220;4.20.4&#8243; _module_preset=&#8220;default&#8220; custom_css_main_element=&#8220;margin:auto;&#8220; global_colors_info=&#8220;{}&#8220; theme_builder_area=&#8220;post_content&#8220;][et_pb_image src=&#8220;http:\/\/presenttrade.cz\/wp-content\/uploads\/2023\/06\/schileger.webp&#8220; title_text=&#8220;schileger&#8220; url=&#8220;https:\/\/www.schlieger.cz\/&#8220; url_new_window=&#8220;on&#8220; align=&#8220;center&#8220; _builder_version=&#8220;4.20.4&#8243; _module_preset=&#8220;default&#8220; max_width=&#8220;75%&#8220; module_alignment=&#8220;center&#8220; filter_opacity=&#8220;60%&#8220; global_colors_info=&#8220;{}&#8220; filter_opacity__hover_enabled=&#8220;on|hover&#8220; filter_opacity__hover=&#8220;100%&#8220; theme_builder_area=&#8220;post_content&#8220;][\/et_pb_image][\/et_pb_column][et_pb_column type=&#8220;1_5&#8243; _builder_version=&#8220;4.20.4&#8243; _module_preset=&#8220;default&#8220; custom_css_main_element=&#8220;margin:auto;&#8220; global_colors_info=&#8220;{}&#8220; theme_builder_area=&#8220;post_content&#8220;][et_pb_image src=&#8220;http:\/\/presenttrade.cz\/wp-content\/uploads\/2023\/06\/O2-logo.jpg&#8220; title_text=&#8220;O2-logo&#8220; url=&#8220;http:\/\/www.o2.cz&#8220; url_new_window=&#8220;on&#8220; align=&#8220;center&#8220; _builder_version=&#8220;4.20.4&#8243; _module_preset=&#8220;default&#8220; max_width=&#8220;75%&#8220; module_alignment=&#8220;center&#8220; filter_opacity=&#8220;60%&#8220; global_colors_info=&#8220;{}&#8220; filter_opacity__hover_enabled=&#8220;on|hover&#8220; filter_opacity__hover=&#8220;100%&#8220; theme_builder_area=&#8220;post_content&#8220;][\/et_pb_image][\/et_pb_column][et_pb_column type=&#8220;1_5&#8243; _builder_version=&#8220;4.20.4&#8243; _module_preset=&#8220;default&#8220; custom_css_main_element=&#8220;margin:auto;&#8220; global_colors_info=&#8220;{}&#8220; theme_builder_area=&#8220;post_content&#8220;][et_pb_image src=&#8220;http:\/\/presenttrade.cz\/wp-content\/uploads\/2023\/06\/logo-notifee-big.jpg&#8220; title_text=&#8220;logo-notifee-big&#8220; url=&#8220;https:\/\/www.notifee.cz\/&#8220; align=&#8220;center&#8220; _builder_version=&#8220;4.20.4&#8243; _module_preset=&#8220;default&#8220; max_width=&#8220;75%&#8220; module_alignment=&#8220;center&#8220; filter_opacity=&#8220;60%&#8220; global_colors_info=&#8220;{}&#8220; filter_opacity__hover_enabled=&#8220;on|hover&#8220; filter_opacity__hover=&#8220;100%&#8220; theme_builder_area=&#8220;post_content&#8220;][\/et_pb_image][\/et_pb_column][et_pb_column type=&#8220;1_5&#8243; _builder_version=&#8220;4.16&#8243; _module_preset=&#8220;default&#8220; global_colors_info=&#8220;{}&#8220; theme_builder_area=&#8220;post_content&#8220;][et_pb_image src=&#8220;http:\/\/presenttrade.cz\/wp-content\/uploads\/2023\/06\/LR_logo.png&#8220; title_text=&#8220;LR_logo&#8220; url=&#8220;https:\/\/www.lr-czech.com\/&#8220; url_new_window=&#8220;on&#8220; align=&#8220;center&#8220; _builder_version=&#8220;4.20.4&#8243; _module_preset=&#8220;default&#8220; max_width=&#8220;50%&#8220; module_alignment=&#8220;center&#8220; filter_opacity=&#8220;60%&#8220; global_colors_info=&#8220;{}&#8220; filter_opacity__hover_enabled=&#8220;on|hover&#8220; filter_opacity__hover=&#8220;100%&#8220; theme_builder_area=&#8220;post_content&#8220;][\/et_pb_image][\/et_pb_column][et_pb_column type=&#8220;1_5&#8243; _builder_version=&#8220;4.16&#8243; _module_preset=&#8220;default&#8220; global_colors_info=&#8220;{}&#8220; theme_builder_area=&#8220;post_content&#8220;][et_pb_image src=&#8220;http:\/\/presenttrade.cz\/wp-content\/uploads\/2023\/06\/k_33.jpg&#8220; title_text=&#8220;k_33&#8243; url=&#8220;https:\/\/www.lr-czech.com\/&#8220; url_new_window=&#8220;on&#8220; align=&#8220;center&#8220; _builder_version=&#8220;4.20.4&#8243; _module_preset=&#8220;default&#8220; max_width=&#8220;75%&#8220; module_alignment=&#8220;center&#8220; filter_opacity=&#8220;60%&#8220; global_colors_info=&#8220;{}&#8220; filter_opacity__hover_enabled=&#8220;on|hover&#8220; filter_opacity__hover=&#8220;100%&#8220; theme_builder_area=&#8220;post_content&#8220;][\/et_pb_image][\/et_pb_column][\/et_pb_row][\/et_pb_section]<\/p>\n","protected":false},"excerpt":{"rendered":"<p>Present Trade, s.r.o.D\u011bkujeme &#8230;Hlavn\u00ed strana \u2192Budeme V\u00e1s kontaktovat obratemD\u011bkujeme, \u017ee jste vyu\u017eili na\u0161eho kontaktn\u00edho formul\u00e1\u0159e, ozveme se ihned, jak to bude mo\u017en\u00e9.Hlavn\u00ed partne\u0159i<\/p>\n","protected":false},"author":2,"featured_media":0,"parent":0,"menu_order":0,"comment_status":"closed","ping_status":"closed","template":"","meta":{"_et_pb_use_builder":"on","_et_pb_old_content":"","_et_gb_content_width":"","footnotes":""},"class_list":["post-229956","page","type-page","status-publish","hentry"],"_links":{"self":[{"href":"https:\/\/presenttrade.cz\/index.php\/wp-json\/wp\/v2\/pages\/229956"}],"collection":[{"href":"https:\/\/presenttrade.cz\/index.php\/wp-json\/wp\/v2\/pages"}],"about":[{"href":"https:\/\/presenttrade.cz\/index.php\/wp-json\/wp\/v2\/types\/page"}],"author":[{"embeddable":true,"href":"https:\/\/presenttrade.cz\/index.php\/wp-json\/wp\/v2\/users\/2"}],"replies":[{"embeddable":true,"href":"https:\/\/presenttrade.cz\/index.php\/wp-json\/wp\/v2\/comments?post=229956"}],"version-history":[{"count":2,"href":"https:\/\/presenttrade.cz\/index.php\/wp-json\/wp\/v2\/pages\/229956\/revisions"}],"predecessor-version":[{"id":229959,"href":"https:\/\/presenttrade.cz\/index.php\/wp-json\/wp\/v2\/pages\/229956\/revisions\/229959"}],"wp:attachment":[{"href":"https:\/\/presenttrade.cz\/index.php\/wp-json\/wp\/v2\/media?parent=229956"}],"curies":[{"name":"wp","href":"https:\/\/api.w.org\/{rel}","templated":true}]}}